{"id":1057,"date":"2018-08-09T14:21:06","date_gmt":"2018-08-09T14:21:06","guid":{"rendered":"https:\/\/teckelsdemestral.com\/?page_id=1057"},"modified":"2019-10-12T22:06:53","modified_gmt":"2019-10-12T22:06:53","slug":"xaneva-de-terrademestral","status":"publish","type":"page","link":"https:\/\/teckelsdemestral.com\/index.php\/xaneva-de-terrademestral\/","title":{"rendered":"Chj Xaneva de Terrademestral"},"content":{"rendered":"<p>Xaneva es una teckel chocolate miniatura. Hija de nuestra campeona en morfolog\u00eda de Espa\u00f1a Chj Annabella di Casa Gagliardo y Nicol\u00e1s de Vallzara. Todav\u00eda muy peque\u00f1ita, estamos muy contentos de tener en casa a nuestra primera chocolate. De mirada dulce y con un color chocolate intenso y uniforme, seguro que pronto nos dar\u00e1 muchas alegr\u00edas en las exposiciones caninas.<\/p>\n<figure id=\"attachment_1050\" aria-describedby=\"caption-attachment-1050\" style=\"width: 247px\" class=\"wp-caption alignnone\"><a href=\"https:\/\/teckelsdemestral.com\/wp-content\/uploads\/2018\/08\/IMG_20180723_171739.jpg\"><img decoding=\"async\" loading=\"lazy\" class=\"size-medium wp-image-1050\" src=\"https:\/\/teckelsdemestral.com\/wp-content\/uploads\/2018\/08\/IMG_20180723_171739-247x300.jpg\" alt=\"\" width=\"247\" height=\"300\" srcset=\"https:\/\/teckelsdemestral.com\/wp-content\/uploads\/2018\/08\/IMG_20180723_171739-247x300.jpg 247w, https:\/\/teckelsdemestral.com\/wp-content\/uploads\/2018\/08\/IMG_20180723_171739-768x932.jpg 768w, https:\/\/teckelsdemestral.com\/wp-content\/uploads\/2018\/08\/IMG_20180723_171739-844x1024.jpg 844w, https:\/\/teckelsdemestral.com\/wp-content\/uploads\/2018\/08\/IMG_20180723_171739.jpg 1478w\" sizes=\"(max-width: 247px) 100vw, 247px\" \/><\/a><figcaption id=\"caption-attachment-1050\" class=\"wp-caption-text\">5 semanas<\/figcaption><\/figure>\n","protected":false},"excerpt":{"rendered":"<p>Xaneva es una teckel chocolate miniatura. Hija de nuestra campeona en morfolog\u00eda de Espa\u00f1a Chj Annabella di Casa Gagliardo y Nicol\u00e1s de Vallzara. Todav\u00eda muy peque\u00f1ita, estamos muy contentos de tener en casa a nuestra primera chocolate. De mirada dulce y con un color chocolate intenso y uniforme, seguro que pronto nos dar\u00e1 muchas alegr\u00edas en las exposiciones caninas.<\/p>\n","protected":false},"author":2,"featured_media":0,"parent":0,"menu_order":0,"comment_status":"closed","ping_status":"closed","template":"","meta":[],"_links":{"self":[{"href":"https:\/\/teckelsdemestral.com\/index.php\/wp-json\/wp\/v2\/pages\/1057"}],"collection":[{"href":"https:\/\/teckelsdemestral.com\/index.php\/wp-json\/wp\/v2\/pages"}],"about":[{"href":"https:\/\/teckelsdemestral.com\/index.php\/wp-json\/wp\/v2\/types\/page"}],"author":[{"embeddable":true,"href":"https:\/\/teckelsdemestral.com\/index.php\/wp-json\/wp\/v2\/users\/2"}],"replies":[{"embeddable":true,"href":"https:\/\/teckelsdemestral.com\/index.php\/wp-json\/wp\/v2\/comments?post=1057"}],"version-history":[{"count":4,"href":"https:\/\/teckelsdemestral.com\/index.php\/wp-json\/wp\/v2\/pages\/1057\/revisions"}],"predecessor-version":[{"id":1165,"href":"https:\/\/teckelsdemestral.com\/index.php\/wp-json\/wp\/v2\/pages\/1057\/revisions\/1165"}],"wp:attachment":[{"href":"https:\/\/teckelsdemestral.com\/index.php\/wp-json\/wp\/v2\/media?parent=1057"}],"curies":[{"name":"wp","href":"https:\/\/api.w.org\/{rel}","templated":true}]}}