{"id":199,"date":"2013-07-09T11:31:51","date_gmt":"2013-07-09T11:31:51","guid":{"rendered":"http:\/\/demo.curlythemes.com\/equestrian\/?page_id=199"},"modified":"2021-06-06T16:22:35","modified_gmt":"2021-06-06T16:22:35","slug":"ejemplares","status":"publish","type":"page","link":"https:\/\/teckelsdemestral.com\/index.php\/ejemplares\/","title":{"rendered":"Ejemplares"},"content":{"rendered":"[vc_row][vc_column][vc_column_text]\n<h2 style=\"text-align: center;\">Nuestros ejemplares<\/h2>\n<div class=\"content-column one-three\" ><p><a href=\"http:\/\/teckelsdemestral.com\/wp-content\/uploads\/2015\/09\/Foto-1.jpg\" title=\"Halymyres Preston\" data-lightbox=\"lightbox-\" ><\/p>\n<div class=\"photo-frame\">\n<p> <a href=\"http:\/\/teckelsdemestral.com\/wp-content\/uploads\/2013\/07\/Foto-1.jpg\"><img decoding=\"async\" loading=\"lazy\" class=\"alignnone wp-image-843 size-full\" src=\"http:\/\/teckelsdemestral.com\/wp-content\/uploads\/2013\/07\/Foto-1.jpg\" alt=\"\" width=\"640\" height=\"480\" srcset=\"https:\/\/teckelsdemestral.com\/wp-content\/uploads\/2013\/07\/Foto-1.jpg 640w, https:\/\/teckelsdemestral.com\/wp-content\/uploads\/2013\/07\/Foto-1-300x225.jpg 300w\" sizes=\"(max-width: 640px) 100vw, 640px\" \/><\/a> <\/p>\n<\/div>\n<p><\/a><\/p>\n<\/div>\n<div class=\"content-column last clearfix two-three\" ><h4 class=\"special-title\">Hansel de Pinella<\/h4>\n<div class=\"list-default-list\">\n<ul>\n<li><span style=\"line-height: 13px;\">Teckel Kaninchen pelo corto.<\/span><\/li>\n<li>Color: Negro y fuego<\/li>\n<li>Per\u00edmetro tor\u00e1cico: 30 cm<\/li>\n<\/ul>\n<\/div>\n<p>Hansel es una teckel con una morfologia muy equilibrada. Posee una estructura \u00f3sea muy bien definida con un andar fluido y muy elgante. Ha conseguido diferentes CAC, CACIB y Mejor de raza en las diferentes exposiciones caninas nacionales e internacionales en las que ha participado.<\/p>\n<p>Hansel es hija de la multi campeona de Espa\u00f1a MCh Hula de Pinella. Posee un magn\u00edfico pedegr\u00ed en los que figuran diferentes campeones nacionales de belleza as\u00ed como campeones mundiales.<\/p>\n<p>&nbsp;<\/p>\n<p><a href=\"http:\/\/teckelsdemestral.com\/index.php\/ejemplares\/hansel-de-pinella\/\" title=\"T\u00edtulos y calificaciones\" target=\"_self\" rel=\"nofollow\" class=\"btn  btn-sm\"> T\u00edtulos,\u00a0calificaciones y pedegr\u00ed <\/a><\/p>\n<\/div><div class=\"clear\"><\/div>\n<div class=\"content-column two-three\" ><h4 class=\"special-title\">Chj ESP Annabella di casa Gaglirado<\/h4>\n<div class=\"list-default-list\">\n<ul>\n<li>Teckel Miniatura pelo Corto<\/li>\n<li>Color: Negro y fuego<\/li>\n<\/ul>\n<\/div>\n<p>Annabella di casa Gagliardo, proviene del criadero italiano Allevanento di Casa Gagliardo. Con tan solo 4 meses se proclam\u00f3 mejor hembra teckel miniatura en clase Minor Puppy, en el World Dog Show celebrado en Mil\u00e1n.<\/p>\n<p>Annabella tiene una cabeza perfectamente alargada con los arcos superficiales claramente definidos. Es hija del multi campe\u00f3n de Italia Cyberdachs Hannibal y de la campeona de Suecia tanto en belleza como en trabajo Ch Queens Elisabeth di Casa Gagliardo.<\/p>\n<p>&nbsp;<\/p>\n<p><a href=\"http:\/\/teckelsdemestral.com\/index.php\/ejemplares\/annabella-di-casa-gagliardo\/\" title=\"T\u00edtulos y calificaciones\" target=\"_self\" rel=\"nofollow\" class=\"btn  btn-sm\"> T\u00edtulos,\u00a0calificaciones y pedegr\u00ed<\/a><\/p>\n<\/div>\n<p>&nbsp;<\/p>\n<div class=\"content-column last clearfix one-three\" ><p><a href=\"http:\/\/teckelsdemestral.com\/wp-content\/uploads\/2013\/07\/640x480.gif\" title=\"Mustang\" data-lightbox=\"lightbox-\" ><\/p>\n<div class=\"photo-frame\">\n<p> <a href=\"http:\/\/teckelsdemestral.com\/wp-content\/uploads\/2013\/07\/3.jpg\"><img decoding=\"async\" loading=\"lazy\" class=\"alignnone wp-image-839 size-full\" src=\"http:\/\/teckelsdemestral.com\/wp-content\/uploads\/2013\/07\/3.jpg\" alt=\"\" width=\"640\" height=\"480\" srcset=\"https:\/\/teckelsdemestral.com\/wp-content\/uploads\/2013\/07\/3.jpg 640w, https:\/\/teckelsdemestral.com\/wp-content\/uploads\/2013\/07\/3-300x225.jpg 300w\" sizes=\"(max-width: 640px) 100vw, 640px\" \/><\/a> <\/p>\n<\/div>\n<p><\/a><\/p>\n<\/div><div class=\"clear\"><\/div>\n<p>&nbsp;<\/p>\n<div class=\"content-column one-three\" ><p><a href=\"http:\/\/teckelsdemestral.com\/wp-content\/uploads\/2013\/07\/640x480.gif\" title=\"Snow Flake\" data-lightbox=\"lightbox-\" ><\/p>\n<div class=\"photo-frame\">\n<p> <a href=\"http:\/\/teckelsdemestral.com\/wp-content\/uploads\/2017\/12\/000_0148-2.jpg\"><img decoding=\"async\" loading=\"lazy\" class=\"alignnone wp-image-985\" src=\"http:\/\/teckelsdemestral.com\/wp-content\/uploads\/2017\/12\/000_0148-2-300x197.jpg\" alt=\"\" width=\"528\" height=\"347\" srcset=\"https:\/\/teckelsdemestral.com\/wp-content\/uploads\/2017\/12\/000_0148-2-300x197.jpg 300w, https:\/\/teckelsdemestral.com\/wp-content\/uploads\/2017\/12\/000_0148-2-768x504.jpg 768w, https:\/\/teckelsdemestral.com\/wp-content\/uploads\/2017\/12\/000_0148-2-1024x671.jpg 1024w\" sizes=\"(max-width: 528px) 100vw, 528px\" \/><\/a> <\/p>\n<\/div>\n<p><\/a><\/p>\n<\/div>\n<div class=\"content-column last clearfix two-three\" ><h4 class=\"special-title\">CHj ESP Aires de terrademestral<\/h4>\n<div class=\"list-default-list\">\n<ul>\n<li>Hembra miniatura pelo corto<\/li>\n<li>Color: negro y fuego<\/li>\n<li>Per\u00edmetro tor\u00e1cico: 33 cm.<\/li>\n<\/ul>\n<\/div>\n<p>Aires de Terrademestral es hija de nuestra campeona de Espa\u00f1a joven Chj Annabella di Casa Gagliardo y MCh Zimerbude Atlet. Con una espectacular morfolog\u00eda, nuestra minimestral posee el t\u00edtulo de campeona joven de Espa\u00f1a en belleza.<\/p>\n<p>&nbsp;<\/p>\n<p><a href=\"http:\/\/teckelsdemestral.com\/index.php\/lluna-de-mestral\/\" title=\"T\u00edtulos y calificaciones\" target=\"_self\" rel=\"nofollow\" class=\"btn  btn-sm\"> T\u00edtulos y calificaciones\u00a0<\/a><\/p>\n<\/div><div class=\"clear\"><\/div>\n<div class=\"content-column two-three\" ><h4 class=\"special-title\">VALLZARA NICOL\u00c1S<\/h4>\n<div class=\"list-default-list\">\n<ul>\n<li>Macho Kaninchen pelo corto<\/li>\n<li>Color: negro y fuego<\/li>\n<li>Posee el gen chocolate<\/li>\n<li>Disponible para montas<\/li>\n<\/ul>\n<\/div>\n<p>\nNicol\u00e1s \u00abgatxi\u00bb en casa, es un kaninchen proveniente del criadero Vallzara. Nuestro peque\u00f1o macho, se caracteriza por tener un cuerpo corto y equilibrado. Su expresi\u00f3n de cabeza, firme y rotunda.<\/p>\n<p>Gatxi es hijo de Ch Fabeltier spirit in black x MCh Chantal iz Omskoi kreposti ( Campe\u00f3n de belleza Portugal x Campeona joven Espa\u00f1a y Portugal)<\/p>\n<p>Muchas gracias Jose y Oscar, Vallzara Kennel, por cedernos este ejemplar<\/p>\n<\/div>\n<div class=\"content-column last clearfix one-three\" ><p><a href=\"http:\/\/teckelsdemestral.com\/wp-content\/uploads\/2017\/12\/000_0178-2-300x216.jpg\" title=\"Snow Flake\" data-lightbox=\"lightbox-\" ><\/p>\n<div class=\"photo-frame\">\n<p> <a href=\"https:\/\/teckelsdemestral.com\/wp-content\/uploads\/2018\/12\/nico.jpg\"><img decoding=\"async\" loading=\"lazy\" class=\"alignnone wp-image-1151 size-medium\" src=\"https:\/\/teckelsdemestral.com\/wp-content\/uploads\/2018\/12\/nico-300x225.jpg\" alt=\"\" width=\"300\" height=\"225\" srcset=\"https:\/\/teckelsdemestral.com\/wp-content\/uploads\/2018\/12\/nico-300x225.jpg 300w, https:\/\/teckelsdemestral.com\/wp-content\/uploads\/2018\/12\/nico.jpg 640w\" sizes=\"(max-width: 300px) 100vw, 300px\" \/><\/a> <\/p>\n<\/div>\n<p><\/a><\/p>\n<\/div><div class=\"clear\"><\/div>\n<p>&nbsp;<\/p>\n<div class=\"content-column one-three\" ><p><a href=\"http:\/\/teckelsdemestral.com\/wp-content\/uploads\/2017\/12\/IMG-20171016-WA0010-300x225.jpg\" title=\"Snow Flake\" data-lightbox=\"lightbox-\" ><\/p>\n<div class=\"photo-frame\">\n<p> <a href=\"https:\/\/teckelsdemestral.com\/wp-content\/uploads\/2018\/12\/goldy-girl-de-pinella.jpg\"><img decoding=\"async\" loading=\"lazy\" class=\"alignnone wp-image-1146 size-medium\" src=\"https:\/\/teckelsdemestral.com\/wp-content\/uploads\/2018\/12\/goldy-girl-de-pinella-300x225.jpg\" alt=\"\" width=\"300\" height=\"225\" srcset=\"https:\/\/teckelsdemestral.com\/wp-content\/uploads\/2018\/12\/goldy-girl-de-pinella-300x225.jpg 300w, https:\/\/teckelsdemestral.com\/wp-content\/uploads\/2018\/12\/goldy-girl-de-pinella.jpg 640w\" sizes=\"(max-width: 300px) 100vw, 300px\" \/><\/a> <\/p>\n<\/div>\n<p><\/a><\/p>\n<\/div>\n<div class=\"content-column last clearfix two-three\" ><h4 class=\"special-title\">A GOLDY GIRL DE PINELLA<\/h4>\n<div class=\"list-default-list\">\n<ul>\n<li>Hembra miniatura pelo corto<\/li>\n<li>Color: Dorado<\/li>\n<\/ul>\n<\/div>\n<p>Teckel miniatura proveniente del criadero de Pinella.\u00a0 Goldy tiene una capa dorada homog\u00e9nea. Es elegante, de expresi\u00f3n dulce y con un andar muy seguro. Goldy es hija de Mch Staier&#8217;s Ulbyka y Ch Eliseo Nostra Daxie. ( Multi campeona de belleza x Campe\u00f3n Gibraltar)<\/p>\n<p>Muchas gracias Ignacio, teckels de Pinella, por confiarnos este ejemplar y por compartir con nosotros tus preciados conocimientos<\/p>\n<\/div><div class=\"clear\"><\/div>\n<div class=\"content-column two-three\" ><h4 class=\"special-title\">Xaneva de Terrademestral<\/h4>\n<div class=\"list-default-list\">\n<ul>\n<li>Macho Kaninchen pelo corto<\/li>\n<li>Color: negro y fuego<\/li>\n<li>Posee el gen chocolate<\/li>\n<\/ul>\n<\/div>\n<p>\nXaneva es una teckel chocolate miniatura. Hija de nuestra campeona en morfolog\u00eda de Espa\u00f1a Chj Annabella di Casa Gagliardo y Nicol\u00e1s de Vallzara.<\/p>\n<p>Todav\u00eda muy peque\u00f1ita, estamos muy contentos de tener en casa a nuestra primera chocolate.<\/p>\n<p>De mirada dulce y con un color chocolate intenso y uniforme, seguro que pronto nos dar\u00e1 muchas alegr\u00edas en las exposiciones caninas.<\/p>\n<\/div>\n<div class=\"content-column last clearfix one-three\" ><p><a href=\"http:\/\/teckelsdemestral.com\/wp-content\/uploads\/2017\/12\/000_0178-2-300x216.jpg\" title=\"Snow Flake\" data-lightbox=\"lightbox-\" ><\/p>\n<div class=\"photo-frame\">\n<figure id=\"attachment_1050\" aria-describedby=\"caption-attachment-1050\" style=\"width: 247px\" class=\"wp-caption alignnone\"><a href=\"https:\/\/teckelsdemestral.com\/wp-content\/uploads\/2018\/08\/IMG_20180723_171739.jpg\"><img decoding=\"async\" loading=\"lazy\" class=\"wp-image-1050 size-medium\" src=\"https:\/\/teckelsdemestral.com\/wp-content\/uploads\/2018\/08\/IMG_20180723_171739-247x300.jpg\" alt=\"\" width=\"247\" height=\"300\" srcset=\"https:\/\/teckelsdemestral.com\/wp-content\/uploads\/2018\/08\/IMG_20180723_171739-247x300.jpg 247w, https:\/\/teckelsdemestral.com\/wp-content\/uploads\/2018\/08\/IMG_20180723_171739-768x932.jpg 768w, https:\/\/teckelsdemestral.com\/wp-content\/uploads\/2018\/08\/IMG_20180723_171739-844x1024.jpg 844w, https:\/\/teckelsdemestral.com\/wp-content\/uploads\/2018\/08\/IMG_20180723_171739.jpg 1478w\" sizes=\"(max-width: 247px) 100vw, 247px\" \/><\/a><figcaption id=\"caption-attachment-1050\" class=\"wp-caption-text\">5 semanas<\/figcaption><\/figure>\n<\/div>\n<p><\/a><\/p>\n<\/div><div class=\"clear\"><\/div>[\/vc_column_text][vc_column_text]Lya de Terrademestra<\/p>\n<p>l<a href=\"https:\/\/teckelsdemestral.com\/wp-content\/uploads\/2021\/06\/192567099_3971184472963404_3165145780682471371_n-copia.jpg\"><img decoding=\"async\" loading=\"lazy\" class=\"alignnone size-medium wp-image-1195\" src=\"https:\/\/teckelsdemestral.com\/wp-content\/uploads\/2021\/06\/192567099_3971184472963404_3165145780682471371_n-copia-292x300.jpg\" alt=\"Lya de Terrademestral\" width=\"292\" height=\"300\" srcset=\"https:\/\/teckelsdemestral.com\/wp-content\/uploads\/2021\/06\/192567099_3971184472963404_3165145780682471371_n-copia-292x300.jpg 292w, https:\/\/teckelsdemestral.com\/wp-content\/uploads\/2021\/06\/192567099_3971184472963404_3165145780682471371_n-copia-998x1024.jpg 998w, https:\/\/teckelsdemestral.com\/wp-content\/uploads\/2021\/06\/192567099_3971184472963404_3165145780682471371_n-copia-768x788.jpg 768w, https:\/\/teckelsdemestral.com\/wp-content\/uploads\/2021\/06\/192567099_3971184472963404_3165145780682471371_n-copia.jpg 1083w\" sizes=\"(max-width: 292px) 100vw, 292px\" \/><\/a>[\/vc_column_text][\/vc_column][\/vc_row][vc_row][vc_column][\/vc_column][\/vc_row]\n","protected":false},"excerpt":{"rendered":"<p>[vc_row][vc_column][vc_column_text] Nuestros ejemplares &nbsp; &nbsp; &nbsp; [\/vc_column_text][vc_column_text]Lya de Terrademestra l[\/vc_column_text][\/vc_column][\/vc_row][vc_row][vc_column][\/vc_column][\/vc_row]<\/p>\n","protected":false},"author":2,"featured_media":992,"parent":0,"menu_order":0,"comment_status":"closed","ping_status":"closed","template":"","meta":[],"_links":{"self":[{"href":"https:\/\/teckelsdemestral.com\/index.php\/wp-json\/wp\/v2\/pages\/199"}],"collection":[{"href":"https:\/\/teckelsdemestral.com\/index.php\/wp-json\/wp\/v2\/pages"}],"about":[{"href":"https:\/\/teckelsdemestral.com\/index.php\/wp-json\/wp\/v2\/types\/page"}],"author":[{"embeddable":true,"href":"https:\/\/teckelsdemestral.com\/index.php\/wp-json\/wp\/v2\/users\/2"}],"replies":[{"embeddable":true,"href":"https:\/\/teckelsdemestral.com\/index.php\/wp-json\/wp\/v2\/comments?post=199"}],"version-history":[{"count":50,"href":"https:\/\/teckelsdemestral.com\/index.php\/wp-json\/wp\/v2\/pages\/199\/revisions"}],"predecessor-version":[{"id":1201,"href":"https:\/\/teckelsdemestral.com\/index.php\/wp-json\/wp\/v2\/pages\/199\/revisions\/1201"}],"wp:featuredmedia":[{"embeddable":true,"href":"https:\/\/teckelsdemestral.com\/index.php\/wp-json\/wp\/v2\/media\/992"}],"wp:attachment":[{"href":"https:\/\/teckelsdemestral.com\/index.php\/wp-json\/wp\/v2\/media?parent=199"}],"curies":[{"name":"wp","href":"https:\/\/api.w.org\/{rel}","templated":true}]}}