{"id":610,"date":"2013-07-06T08:27:55","date_gmt":"2013-07-06T08:27:55","guid":{"rendered":"http:\/\/demo.curlythemes.com\/equestrian\/?page_id=5"},"modified":"2015-11-10T13:36:30","modified_gmt":"2015-11-10T13:36:30","slug":"nosotros","status":"publish","type":"page","link":"https:\/\/teckelsdemestral.com\/index.php\/nosotros\/","title":{"rendered":"Nosotros"},"content":{"rendered":"[vc_row][vc_column][vc_column_text]<div class=\"lead  different\"><p>Kennel Terra de Mestral se situa a los pies del Parc Natural dels Ports.<\/p>\n<\/div>\n<p>El respeto a los animales, el compromiso por la raza y el amor por cada uno de nuestros peque\u00f1os teckels hacen de ellos principios que fundamentan nuestro proceso de cria.<\/p>\n<p>&nbsp;<\/p>\n<div class=\"content-column half\" ><h4 class=\"special-title\">Nuestros Teckels<\/h4>\n<p>Viven en contacto directo con la naturaleza con lo que intentamos que puedan expresar todas sus caracter\u00edsticas funcionales que como teckel poseen y se desenvuelvan dentro de un contexto agradable respetando todas sus necesidades.<\/p>\n<p>Nuestro proceso de cria se limita a pocas camadas anuales, con lo que buscamos mejorar morfol\u00f3gica y ps\u00edquicamente nuestros cachorros, con el fin de augmentar la calidad de esta magn\u00edfica raza que tanto nos cautiva. S\u00f3lo hacemos camadas con reproductores muy bien estudiados para mejorar nuestro proceso de cria y poder seguir presentando nuestros ejemplares en las exposiciones caninas nacionales e internacionales.<\/p>\n<p>Los cachorros que entregamos son teckels de reproductores de alta calidad morfol\u00f3gica, previamente juzgados por juezes especialistas en la raza que acreditan el buen hacer de nuestra linea de trabajo.<\/p>\n<\/div>\n<div class=\"content-column last clearfix half\" ><div class=\"zoom-picture\"><img decoding=\"async\" src=\"http:\/\/teckelsdemestral.com\/wp-content\/uploads\/2015\/11\/nosotros.jpg\" style=\"width:100%;\" alt=\"Nosotros\" ><\/div>\n<\/div><div class=\"clear\"><\/div>[\/vc_column_text][\/vc_column][\/vc_row]\n","protected":false},"excerpt":{"rendered":"<p>[vc_row][vc_column][vc_column_text] El respeto a los animales, el compromiso por la raza y el amor por cada uno de nuestros peque\u00f1os teckels hacen de ellos principios que fundamentan nuestro proceso de cria. &nbsp; [\/vc_column_text][\/vc_column][\/vc_row]<\/p>\n","protected":false},"author":2,"featured_media":0,"parent":0,"menu_order":0,"comment_status":"closed","ping_status":"closed","template":"","meta":[],"_links":{"self":[{"href":"https:\/\/teckelsdemestral.com\/index.php\/wp-json\/wp\/v2\/pages\/610"}],"collection":[{"href":"https:\/\/teckelsdemestral.com\/index.php\/wp-json\/wp\/v2\/pages"}],"about":[{"href":"https:\/\/teckelsdemestral.com\/index.php\/wp-json\/wp\/v2\/types\/page"}],"author":[{"embeddable":true,"href":"https:\/\/teckelsdemestral.com\/index.php\/wp-json\/wp\/v2\/users\/2"}],"replies":[{"embeddable":true,"href":"https:\/\/teckelsdemestral.com\/index.php\/wp-json\/wp\/v2\/comments?post=610"}],"version-history":[{"count":14,"href":"https:\/\/teckelsdemestral.com\/index.php\/wp-json\/wp\/v2\/pages\/610\/revisions"}],"predecessor-version":[{"id":903,"href":"https:\/\/teckelsdemestral.com\/index.php\/wp-json\/wp\/v2\/pages\/610\/revisions\/903"}],"wp:attachment":[{"href":"https:\/\/teckelsdemestral.com\/index.php\/wp-json\/wp\/v2\/media?parent=610"}],"curies":[{"name":"wp","href":"https:\/\/api.w.org\/{rel}","templated":true}]}}